{"id":6,"date":"2021-09-22T14:43:21","date_gmt":"2021-09-22T14:43:21","guid":{"rendered":"https:\/\/gracella.be\/?page_id=6"},"modified":"2022-03-15T14:51:00","modified_gmt":"2022-03-15T14:51:00","slug":"ontdek-de-regio","status":"publish","type":"page","link":"https:\/\/gracella.be\/?page_id=6","title":{"rendered":"Ontdek de regio"},"content":{"rendered":"\n<p class=\"has-medium-font-size\">Met de wagen is Torrevieja vlot bereikbaar via de snelweg AP7. Liever met het vliegtuig dan kom je toe op de luchthaven van Alicante. Ontdek meer over ligging en bereikbaarheid hier. &nbsp;<\/p>\n\n\n\n<p class=\"has-medium-font-size\">Wil je weten wat er te ontdekken valt in de regio of welke spannende avonturen er weggelegd zijn voor de (klein)kinderen? Dat kan je hier vinden.<\/p>\n\n\n\n<p><\/p>\n\n\n\n<p class=\"has-text-align-center has-medium-font-size\"><strong>De 15 \u2018must have done\u2019 uitstappen in de Torrevieja area.<\/strong><\/p>\n\n\n\n<p class=\"has-medium-font-size\"><strong>1. Las Salinas de Torrevieja<\/strong><\/p>\n\n\n\n<p class=\"has-medium-font-size\">Las Salinas de Torrevieja is \u00e9\u00e9n van de twee zoutmeren dat soms roze lijkt te kleuren door het zout (het andere zoutmeer kleurt blauw). Je kunt hier met de wagen naar toe of anders met een speciaal treintje dat je langs het meer brengt of je kan gewoon een gezellige wandeling maken. Opgelet soms kan het modderig zijn. Voor de ornitholoog &#8211; vogelliefhebber is het hier een waar paradijs! Je kan langs het blauwe zoutmeer rechtstreeks naar La Mata Beach wandelen.<\/p>\n\n\n\n<p class=\"has-medium-font-size\"><strong>2. La Mata Beach<\/strong><\/p>\n\n\n\n<p class=\"has-medium-font-size\">Ten noorden van Torrevieja vindt je La Mata Beach, een uitgestrekt en fijn zandstrand. Ideaal voor naartoe te gaan met de kinderen want het water is er in de zomer lekker warm en rustig. Je kan een terrasje of restaurantje doen, een wandeling maken door de duinen of langs het strand.<\/p>\n\n\n\n<p class=\"has-medium-font-size\"><strong>3. Dique de Levante<\/strong><\/p>\n\n\n\n<p class=\"has-medium-font-size\">Een 1600 meter lange pier die de Middellandse zee in strekt met aan het uiteinde een vuurtoren. Wanneer je langs de wandelpromenade langs het strand gaat belandt je automatisch aan de haven en de pier. Perfecte locatie voor het bewonderen van zonsopgang en ondergang.<\/p>\n\n\n\n<p class=\"has-medium-font-size\"><strong>4. Plaza de la Constituci\u00f3n en de Iglesia de La Inmaculada Concepcion<\/strong><\/p>\n\n\n\n<p class=\"has-medium-font-size\">Hier ben je midden het oude centrum van Torrevieja. Dit de plek waar de optochten en processies beginnen en plaatsvinden (bv. rond Pasen enz.). Heerlijk plekje om op een bankje aan de fontein, in de schaduw uit te rusten.<\/p>\n\n\n\n<p class=\"has-medium-font-size\"><strong>5. Museos flotantes Delf\u00edn S-61 y Albatros III<\/strong><\/p>\n\n\n\n<p class=\"has-medium-font-size\">Een kleine museum aan boord van een duikboot, gelegen in de haven van Torrevieja. Liefst 56 mensen leefden aan boord in deze (meer dan) krappe ruimtes. Een bezoekje kan voor enkele euros en is zeker de moeite waard.<\/p>\n\n\n\n<p class=\"has-medium-font-size\"><strong>6. Torre del Moro<\/strong><\/p>\n\n\n\n<p class=\"has-medium-font-size\">Een oude toren aan de kust van Torrevieja met&nbsp; een prachtig uitzicht over de Middellandse zee en de stranden van Torrevieja.<\/p>\n\n\n\n<p class=\"has-medium-font-size\"><strong>8. Waterparken<\/strong><\/p>\n\n\n\n<p class=\"has-medium-font-size\">Meer actie kan je vinden in Aquapolis en Aquapark Flamengo. Zwemplezier voor iedereen! Met&nbsp; glijbanen en trappelbaden voor klein en groot. Met de vele attracties een leuke dagbesteding voor ieder gezin aan democratische prijzen.<\/p>\n\n\n\n<p class=\"has-medium-font-size\"><strong>9. Museo del Mar y de la Sal<\/strong><\/p>\n\n\n\n<p class=\"has-medium-font-size\">De geschiedenis van de scheepvaart en het zoutgebeuren in de streek met een uitgebreide collectie beeldjes en snuisterijen van zout gemaakt: modelschepen, de kerk van Torrevieja en meer in zout.<\/p>\n\n\n\n<p class=\"has-medium-font-size\"><strong>10. Monumento de Las Coralistas<\/strong><\/p>\n\n\n\n<p class=\"has-medium-font-size\">Vlakbij het plaatselijke toeristenbureau ligt het Monumento de Las Coralistas. Een fontein met enkele fresco\u2019s op de zijkant en een mooi uitzicht op de jachthaven en de zee.<\/p>\n\n\n\n<p class=\"has-medium-font-size\"><strong>11. Markten in en rond Torrevieja<\/strong><\/p>\n\n\n\n<p class=\"has-medium-font-size\">De markt van Torrevieja, vlakbij het Aquapark. Men zegt dat de Mercadillo de Torrevieja zelfs de grootste markt van de gehele Costa Blanca zou zijn. Voornamelijk kleding, groenten en fruit. (vrijdag van 9:00 -14:00 uur).<\/p>\n\n\n\n<p class=\"has-medium-font-size\">De markt op de citroenroute El Limonar op zondag d\u00e9 grootste markt. Op zondagvoormiddag over de markt kuieren en churros con chocolate proeven, h\u00e9\u00e9rlijk!<\/p>\n\n\n\n<p class=\"has-medium-font-size\"><strong>12. Daguitstap naar Cartagena (61 km)<\/strong><\/p>\n\n\n\n<p class=\"has-medium-font-size\">Op zo\u2019n 61 kilometer van Torrevieja ligt Cartagena. Deze grote havenplaats geldt als een van de belangrijkste havens van Spanje. De stad telt dan ook zon 200.000 inwoners. Ook is de stad gekenmerkt door een rijke hoeveelheid windmolens, met name afkomstig uit de 18e en 19e eeuw. Het grootste deel van deze molens is wit en heeft driehoekige wieken. Dit soort molen is uniek voor de omgeving. Cartagena kan met de trein, bus en auto worden bereikt. Lees meer over Cartagena.<\/p>\n\n\n\n<p class=\"has-medium-font-size\"><strong>13. Los Alcazares<\/strong><\/p>\n\n\n\n<p class=\"has-medium-font-size\"><strong>14. Orihuela<\/strong><\/p>\n\n\n\n<p class=\"has-medium-font-size\"><strong>15. Punta Prima<\/strong><\/p>\n\n\n\n<p class=\"has-medium-font-size\"><strong>16. La Zenia Boulevard<\/strong><\/p>\n\n\n\n<p class=\"has-medium-font-size\">Shop until you drop!! La Zenia Boulevard, the place to be voor de \u00e9chte shoppers onder ons! Neem ruim de tijd want dit is geen shopping center maar een shopping city!<\/p>\n","protected":false},"excerpt":{"rendered":"<p>Met de wagen is Torrevieja vlot bereikbaar via de snelweg AP7. Liever met het vliegtuig dan kom je toe op de luchthaven van Alicante. Ontdek meer over ligging en bereikbaarheid hier. &nbsp; Wil je weten wat er te ontdekken valt in de regio of welke spannende avonturen er weggelegd zijn voor de (klein)kinderen? Dat kan [&hellip;]<\/p>\n","protected":false},"author":1,"featured_media":107,"parent":0,"menu_order":0,"comment_status":"closed","ping_status":"closed","template":"","meta":{"footnotes":""},"class_list":["post-6","page","type-page","status-publish","has-post-thumbnail","hentry"],"_links":{"self":[{"href":"https:\/\/gracella.be\/index.php?rest_route=\/wp\/v2\/pages\/6","targetHints":{"allow":["GET"]}}],"collection":[{"href":"https:\/\/gracella.be\/index.php?rest_route=\/wp\/v2\/pages"}],"about":[{"href":"https:\/\/gracella.be\/index.php?rest_route=\/wp\/v2\/types\/page"}],"author":[{"embeddable":true,"href":"https:\/\/gracella.be\/index.php?rest_route=\/wp\/v2\/users\/1"}],"replies":[{"embeddable":true,"href":"https:\/\/gracella.be\/index.php?rest_route=%2Fwp%2Fv2%2Fcomments&post=6"}],"version-history":[{"count":6,"href":"https:\/\/gracella.be\/index.php?rest_route=\/wp\/v2\/pages\/6\/revisions"}],"predecessor-version":[{"id":216,"href":"https:\/\/gracella.be\/index.php?rest_route=\/wp\/v2\/pages\/6\/revisions\/216"}],"wp:featuredmedia":[{"embeddable":true,"href":"https:\/\/gracella.be\/index.php?rest_route=\/wp\/v2\/media\/107"}],"wp:attachment":[{"href":"https:\/\/gracella.be\/index.php?rest_route=%2Fwp%2Fv2%2Fmedia&parent=6"}],"curies":[{"name":"wp","href":"https:\/\/api.w.org\/{rel}","templated":true}]}}